{"id":181,"date":"2025-10-17T01:07:31","date_gmt":"2025-10-17T01:07:31","guid":{"rendered":"https:\/\/mascotes.dominiodepruebas.eu\/?page_id=181"},"modified":"2025-10-17T02:25:23","modified_gmt":"2025-10-17T02:25:23","slug":"avis-legal","status":"publish","type":"page","link":"https:\/\/www.mascotascostabrava.es\/ca\/avis-legal\/","title":{"rendered":"Av\u00eds legal"},"content":{"rendered":"\t\t<div data-elementor-type=\"wp-page\" data-elementor-id=\"181\" class=\"elementor elementor-181\" data-elementor-post-type=\"page\">\n\t\t\t\t<div class=\"elementor-element elementor-element-23750ac e-flex e-con-boxed e-con e-parent\" data-id=\"23750ac\" data-element_type=\"container\" data-e-type=\"container\">\n\t\t\t\t\t<div class=\"e-con-inner\">\n\t\t\t\t<div class=\"elementor-element elementor-element-9abfed8 elementor-widget elementor-widget-heading\" data-id=\"9abfed8\" data-element_type=\"widget\" data-e-type=\"widget\" data-widget_type=\"heading.default\">\n\t\t\t\t\t<h1 class=\"elementor-heading-title elementor-size-default\">Av\u00eds legal<\/h1>\t\t\t\t<\/div>\n\t\t\t\t<div class=\"elementor-element elementor-element-842e0e5 elementor-widget elementor-widget-text-editor\" data-id=\"842e0e5\" data-element_type=\"widget\" data-e-type=\"widget\" data-widget_type=\"text-editor.default\">\n\t\t\t\t\t\t\t\t\t<p>De conformitat amb la Llei 34\/2002, de Serveis de la Societat de la Informaci\u00f3 i de Comer\u00e7 Electr\u00f2nic, l&#8217;informem que aquest web \u00e9s titularitat de:<\/p><p>Identitat: PUJADES LLOMBART S.L. (en endavant \u201cEL TITULAR\u201d)<\/p><p>CIF: B25481656<\/p><p>Domicili: C\/ Balmes 7 de Linyola (25240)<\/p><p>Tel\u00e8fon: 671506376<\/p><p>Correu electr\u00f2nic: info@mascotascostabrava.com<\/p><h2 class=\"title3 titol text-uppercase\">PROPIETAT INTEL\u00b7LECTUAL I INDUSTRIAL<\/h2><p>Els continguts d&#8217;aquest lloc, incloent-hi els textos, imatges i dissenys gr\u00e0fics, pertanyen a EL TITULAR, o a tercers que han autoritzat el seu \u00fas. EL TITULAR presenta aquests continguts amb finalitats d&#8217;informaci\u00f3 i promoci\u00f3. EL TITULAR autoritza la seva utilitzaci\u00f3 exclusivament amb aquestes finalitats. Qualsevol utilitzaci\u00f3 d&#8217;aquests dissenys, imatges o textos haur\u00e0 de citar expressament la seva pertinen\u00e7a a EL TITULAR, qui es reserva el dret a iniciar les accions legals oportunes per reparar els danys i perjudicis causats per qualsevol acte que vulneri els seus drets de propietat intel\u00b7lectual o industrial.<\/p><h2 class=\"title3 titol text-uppercase\">EXCLUSI\u00d3 DE RESPONSABILITAT<\/h2><p>EL TITULAR actua amb la m\u00e0xima dilig\u00e8ncia possible perqu\u00e8 les dades i la informaci\u00f3 que ofereix al seu lloc web estigui actualitzada en tot moment, si b\u00e9 no garanteix ni es fa responsable de l&#8217;exactitud i actualitzaci\u00f3 dels continguts del lloc web, reservant-se el dret a modificar aquests continguts en qualsevol moment. EL TITULAR tampoc ser\u00e0 responsable de la informaci\u00f3 que es pot obtenir a trav\u00e9s d&#8217;enlla\u00e7os inclosos en el lloc web.<\/p><p>Les relacions comercials amb els clients es regiran per les condicions generals que, si escau, s&#8217;estableixin per EL TITULAR en un document espec\u00edfic a aquest efecte, o pels pactes concrets que es puguin acordar amb els clients.<\/p><h2 class=\"title3 titol text-uppercase\">CONDICIONS D&#8217;\u00daS<\/h2><p>L&#8217;\u00fas d&#8217;aquest lloc web implica l&#8217;acceptaci\u00f3 plena dels termes del present av\u00eds legal. Els possibles conflictes relatius a aquest web es regiran exclusivament pel dret de l&#8217;Estat Espanyol. Tota persona usu\u00e0ria del web, independentment de la jurisdicci\u00f3 territorial des de la qual es produeixi el seu acc\u00e9s, accepta el compliment i respecte d&#8217;aquestes cl\u00e0usules amb ren\u00fancia expressa, sens perjudici dels drets que legalment corresponguin a l&#8217;usuari en cas que aquest tingui la condici\u00f3 de consumidor.<\/p>\t\t\t\t\t\t\t\t<\/div>\n\t\t\t\t\t<\/div>\n\t\t\t\t<\/div>\n\t\t\t\t<\/div>\n\t\t","protected":false},"excerpt":{"rendered":"<p>Av\u00eds legal De conformitat amb la Llei 34\/2002, de Serveis de la Societat de la Informaci\u00f3 i de Comer\u00e7 Electr\u00f2nic, l&#8217;informem que aquest web \u00e9s titularitat de: Identitat: PUJADES LLOMBART S.L. (en endavant \u201cEL TITULAR\u201d) CIF: B25481656 Domicili: C\/ Balmes 7 de Linyola (25240) Tel\u00e8fon: 671506376 Correu electr\u00f2nic: info@mascotascostabrava.com PROPIETAT INTEL\u00b7LECTUAL I INDUSTRIAL Els continguts [&hellip;]<\/p>\n","protected":false},"author":1,"featured_media":0,"parent":0,"menu_order":0,"comment_status":"closed","ping_status":"closed","template":"","meta":{"_joinchat":[],"footnotes":""},"class_list":["post-181","page","type-page","status-publish","hentry"],"yoast_head":"<!-- This site is optimized with the Yoast SEO plugin v27.2 - https:\/\/yoast.com\/product\/yoast-seo-wordpress\/ -->\n<title>Av\u00eds legal - Mascotes Costa Brava<\/title>\n<meta name=\"robots\" content=\"noindex, nofollow\" \/>\n<meta property=\"og:locale\" content=\"ca_ES\" \/>\n<meta property=\"og:type\" content=\"article\" \/>\n<meta property=\"og:title\" content=\"Av\u00eds legal - Mascotes Costa Brava\" \/>\n<meta property=\"og:description\" content=\"Av\u00eds legal De conformitat amb la Llei 34\/2002, de Serveis de la Societat de la Informaci\u00f3 i de Comer\u00e7 Electr\u00f2nic, l&#8217;informem que aquest web \u00e9s titularitat de: Identitat: PUJADES LLOMBART S.L. (en endavant \u201cEL TITULAR\u201d) CIF: B25481656 Domicili: C\/ Balmes 7 de Linyola (25240) Tel\u00e8fon: 671506376 Correu electr\u00f2nic: info@mascotascostabrava.com PROPIETAT INTEL\u00b7LECTUAL I INDUSTRIAL Els continguts [&hellip;]\" \/>\n<meta property=\"og:url\" content=\"https:\/\/www.mascotascostabrava.es\/ca\/avis-legal\/\" \/>\n<meta property=\"og:site_name\" content=\"Mascotes Costa Brava\" \/>\n<meta property=\"article:publisher\" content=\"https:\/\/www.facebook.com\/mascotescostabrava\" \/>\n<meta property=\"article:modified_time\" content=\"2025-10-17T02:25:23+00:00\" \/>\n<meta name=\"twitter:card\" content=\"summary_large_image\" \/>\n<meta name=\"twitter:site\" content=\"@MascotesCBrava\" \/>\n<meta name=\"twitter:label1\" content=\"Temps estimat de lectura\" \/>\n\t<meta name=\"twitter:data1\" content=\"2 minuts\" \/>\n<script type=\"application\/ld+json\" class=\"yoast-schema-graph\">{\"@context\":\"https:\/\/schema.org\",\"@graph\":[{\"@type\":\"WebPage\",\"@id\":\"https:\/\/www.mascotascostabrava.es\/ca\/avis-legal\/\",\"url\":\"https:\/\/www.mascotascostabrava.es\/ca\/avis-legal\/\",\"name\":\"Av\u00eds legal - Mascotes Costa Brava\",\"isPartOf\":{\"@id\":\"https:\/\/www.mascotascostabrava.es\/ca\/#website\"},\"datePublished\":\"2025-10-17T01:07:31+00:00\",\"dateModified\":\"2025-10-17T02:25:23+00:00\",\"breadcrumb\":{\"@id\":\"https:\/\/www.mascotascostabrava.es\/ca\/avis-legal\/#breadcrumb\"},\"inLanguage\":\"ca\",\"potentialAction\":[{\"@type\":\"ReadAction\",\"target\":[\"https:\/\/www.mascotascostabrava.es\/ca\/avis-legal\/\"]}]},{\"@type\":\"BreadcrumbList\",\"@id\":\"https:\/\/www.mascotascostabrava.es\/ca\/avis-legal\/#breadcrumb\",\"itemListElement\":[{\"@type\":\"ListItem\",\"position\":1,\"name\":\"Portada\",\"item\":\"https:\/\/www.mascotascostabrava.es\/ca\/\"},{\"@type\":\"ListItem\",\"position\":2,\"name\":\"Av\u00eds legal\"}]},{\"@type\":\"WebSite\",\"@id\":\"https:\/\/www.mascotascostabrava.es\/ca\/#website\",\"url\":\"https:\/\/www.mascotascostabrava.es\/ca\/\",\"name\":\"Mascotes Costa Brava\",\"description\":\"Tot per a la teva mascota a Girona\",\"publisher\":{\"@id\":\"https:\/\/www.mascotascostabrava.es\/ca\/#organization\"},\"potentialAction\":[{\"@type\":\"SearchAction\",\"target\":{\"@type\":\"EntryPoint\",\"urlTemplate\":\"https:\/\/www.mascotascostabrava.es\/ca\/?s={search_term_string}\"},\"query-input\":{\"@type\":\"PropertyValueSpecification\",\"valueRequired\":true,\"valueName\":\"search_term_string\"}}],\"inLanguage\":\"ca\"},{\"@type\":\"Organization\",\"@id\":\"https:\/\/www.mascotascostabrava.es\/ca\/#organization\",\"name\":\"Mascotes Costa Brava\",\"url\":\"https:\/\/www.mascotascostabrava.es\/ca\/\",\"logo\":{\"@type\":\"ImageObject\",\"inLanguage\":\"ca\",\"@id\":\"https:\/\/www.mascotascostabrava.es\/ca\/#\/schema\/logo\/image\/\",\"url\":\"https:\/\/www.mascotascostabrava.es\/wp-content\/uploads\/2025\/10\/logo-color.avif\",\"contentUrl\":\"https:\/\/www.mascotascostabrava.es\/wp-content\/uploads\/2025\/10\/logo-color.avif\",\"width\":640,\"height\":149,\"caption\":\"Mascotes Costa Brava\"},\"image\":{\"@id\":\"https:\/\/www.mascotascostabrava.es\/ca\/#\/schema\/logo\/image\/\"},\"sameAs\":[\"https:\/\/www.facebook.com\/mascotescostabrava\",\"https:\/\/x.com\/MascotesCBrava\",\"https:\/\/www.youtube.com\/user\/MascotesCostaBrava\",\"https:\/\/www.instagram.com\/mascotescostabrava\/\"]}]}<\/script>\n<!-- \/ Yoast SEO plugin. -->","yoast_head_json":{"title":"Av\u00eds legal - Mascotes Costa Brava","robots":{"index":"noindex","follow":"nofollow"},"og_locale":"ca_ES","og_type":"article","og_title":"Av\u00eds legal - Mascotes Costa Brava","og_description":"Av\u00eds legal De conformitat amb la Llei 34\/2002, de Serveis de la Societat de la Informaci\u00f3 i de Comer\u00e7 Electr\u00f2nic, l&#8217;informem que aquest web \u00e9s titularitat de: Identitat: PUJADES LLOMBART S.L. (en endavant \u201cEL TITULAR\u201d) CIF: B25481656 Domicili: C\/ Balmes 7 de Linyola (25240) Tel\u00e8fon: 671506376 Correu electr\u00f2nic: info@mascotascostabrava.com PROPIETAT INTEL\u00b7LECTUAL I INDUSTRIAL Els continguts [&hellip;]","og_url":"https:\/\/www.mascotascostabrava.es\/ca\/avis-legal\/","og_site_name":"Mascotes Costa Brava","article_publisher":"https:\/\/www.facebook.com\/mascotescostabrava","article_modified_time":"2025-10-17T02:25:23+00:00","twitter_card":"summary_large_image","twitter_site":"@MascotesCBrava","twitter_misc":{"Temps estimat de lectura":"2 minuts"},"schema":{"@context":"https:\/\/schema.org","@graph":[{"@type":"WebPage","@id":"https:\/\/www.mascotascostabrava.es\/ca\/avis-legal\/","url":"https:\/\/www.mascotascostabrava.es\/ca\/avis-legal\/","name":"Av\u00eds legal - Mascotes Costa Brava","isPartOf":{"@id":"https:\/\/www.mascotascostabrava.es\/ca\/#website"},"datePublished":"2025-10-17T01:07:31+00:00","dateModified":"2025-10-17T02:25:23+00:00","breadcrumb":{"@id":"https:\/\/www.mascotascostabrava.es\/ca\/avis-legal\/#breadcrumb"},"inLanguage":"ca","potentialAction":[{"@type":"ReadAction","target":["https:\/\/www.mascotascostabrava.es\/ca\/avis-legal\/"]}]},{"@type":"BreadcrumbList","@id":"https:\/\/www.mascotascostabrava.es\/ca\/avis-legal\/#breadcrumb","itemListElement":[{"@type":"ListItem","position":1,"name":"Portada","item":"https:\/\/www.mascotascostabrava.es\/ca\/"},{"@type":"ListItem","position":2,"name":"Av\u00eds legal"}]},{"@type":"WebSite","@id":"https:\/\/www.mascotascostabrava.es\/ca\/#website","url":"https:\/\/www.mascotascostabrava.es\/ca\/","name":"Mascotes Costa Brava","description":"Tot per a la teva mascota a Girona","publisher":{"@id":"https:\/\/www.mascotascostabrava.es\/ca\/#organization"},"potentialAction":[{"@type":"SearchAction","target":{"@type":"EntryPoint","urlTemplate":"https:\/\/www.mascotascostabrava.es\/ca\/?s={search_term_string}"},"query-input":{"@type":"PropertyValueSpecification","valueRequired":true,"valueName":"search_term_string"}}],"inLanguage":"ca"},{"@type":"Organization","@id":"https:\/\/www.mascotascostabrava.es\/ca\/#organization","name":"Mascotes Costa Brava","url":"https:\/\/www.mascotascostabrava.es\/ca\/","logo":{"@type":"ImageObject","inLanguage":"ca","@id":"https:\/\/www.mascotascostabrava.es\/ca\/#\/schema\/logo\/image\/","url":"https:\/\/www.mascotascostabrava.es\/wp-content\/uploads\/2025\/10\/logo-color.avif","contentUrl":"https:\/\/www.mascotascostabrava.es\/wp-content\/uploads\/2025\/10\/logo-color.avif","width":640,"height":149,"caption":"Mascotes Costa Brava"},"image":{"@id":"https:\/\/www.mascotascostabrava.es\/ca\/#\/schema\/logo\/image\/"},"sameAs":["https:\/\/www.facebook.com\/mascotescostabrava","https:\/\/x.com\/MascotesCBrava","https:\/\/www.youtube.com\/user\/MascotesCostaBrava","https:\/\/www.instagram.com\/mascotescostabrava\/"]}]}},"_links":{"self":[{"href":"https:\/\/www.mascotascostabrava.es\/ca\/wp-json\/wp\/v2\/pages\/181","targetHints":{"allow":["GET"]}}],"collection":[{"href":"https:\/\/www.mascotascostabrava.es\/ca\/wp-json\/wp\/v2\/pages"}],"about":[{"href":"https:\/\/www.mascotascostabrava.es\/ca\/wp-json\/wp\/v2\/types\/page"}],"author":[{"embeddable":true,"href":"https:\/\/www.mascotascostabrava.es\/ca\/wp-json\/wp\/v2\/users\/1"}],"replies":[{"embeddable":true,"href":"https:\/\/www.mascotascostabrava.es\/ca\/wp-json\/wp\/v2\/comments?post=181"}],"version-history":[{"count":7,"href":"https:\/\/www.mascotascostabrava.es\/ca\/wp-json\/wp\/v2\/pages\/181\/revisions"}],"predecessor-version":[{"id":241,"href":"https:\/\/www.mascotascostabrava.es\/ca\/wp-json\/wp\/v2\/pages\/181\/revisions\/241"}],"wp:attachment":[{"href":"https:\/\/www.mascotascostabrava.es\/ca\/wp-json\/wp\/v2\/media?parent=181"}],"curies":[{"name":"wp","href":"https:\/\/api.w.org\/{rel}","templated":true}]}}