{"id":25,"date":"2025-10-14T23:38:11","date_gmt":"2025-10-14T23:38:11","guid":{"rendered":"https:\/\/mascotes.dominiodepruebas.eu\/?page_id=25"},"modified":"2025-10-17T02:41:34","modified_gmt":"2025-10-17T02:41:34","slug":"clinica-veterinaria","status":"publish","type":"page","link":"https:\/\/www.mascotascostabrava.es\/ca\/clinica-veterinaria\/","title":{"rendered":"Cl\u00ednica Veterin\u00e0ria"},"content":{"rendered":"\t\t<div data-elementor-type=\"wp-page\" data-elementor-id=\"25\" class=\"elementor elementor-25\" data-elementor-post-type=\"page\">\n\t\t\t\t<div class=\"elementor-element elementor-element-ff35b74 e-flex e-con-boxed e-con e-parent\" data-id=\"ff35b74\" data-element_type=\"container\" data-e-type=\"container\">\n\t\t\t\t\t<div class=\"e-con-inner\">\n\t\t<div class=\"elementor-element elementor-element-3e7ae82 e-con-full e-flex e-con e-child\" data-id=\"3e7ae82\" data-element_type=\"container\" data-e-type=\"container\">\n\t\t\t\t<div class=\"elementor-element elementor-element-9d1c561 elementor-widget elementor-widget-heading\" data-id=\"9d1c561\" data-element_type=\"widget\" data-e-type=\"widget\" data-widget_type=\"heading.default\">\n\t\t\t\t\t<h1 class=\"elementor-heading-title elementor-size-default\">Cl\u00ednica Veterin\u00e0ria<\/h1>\t\t\t\t<\/div>\n\t\t\t\t<div class=\"elementor-element elementor-element-066fa6a elementor-widget elementor-widget-heading\" data-id=\"066fa6a\" data-element_type=\"widget\" data-e-type=\"widget\" data-widget_type=\"heading.default\">\n\t\t\t\t\t<h2 class=\"elementor-heading-title elementor-size-default\">La nostra moderna cl\u00ednica veterin\u00e0ria<\/h2>\t\t\t\t<\/div>\n\t\t\t\t<div class=\"elementor-element elementor-element-40b498a elementor-widget elementor-widget-text-editor\" data-id=\"40b498a\" data-element_type=\"widget\" data-e-type=\"widget\" data-widget_type=\"text-editor.default\">\n\t\t\t\t\t\t\t\t\t<p>Tenim una cl\u00ednica veterin\u00e0ria equipada completament per poder oferir un servei i una millor atenci\u00f3 sanit\u00e0ria als nostres clients.<\/p><p>El fet de disposar de cl\u00ednica veterin\u00e0ria pr\u00f2pia, ens permet mantenir als nostres adults reproductors en un estat de salut perfecte, realitzant anal\u00edtiques, ecografies o radiografies amb la finalitat de garantir que no sorgeixin problemes durant les gestacions o el part.<\/p><p>Tamb\u00e9 ens permet donar m\u00e9s confian\u00e7a als nostres clients, ja que tots els cadells s\u00f3n di\u00e0riament revisats, i en cas que algun client tingui un dubte o incertesa sobre l&#8217;estat de salut del seu animal, pot acudir al centre per realitzar un estudi de cas cl\u00ednic.<\/p>\t\t\t\t\t\t\t\t<\/div>\n\t\t\t\t<\/div>\n\t\t<div class=\"elementor-element elementor-element-dc628d1 e-con-full e-flex e-con e-child\" data-id=\"dc628d1\" data-element_type=\"container\" data-e-type=\"container\">\n\t\t\t\t<div class=\"elementor-element elementor-element-87fc0eb elementor-widget elementor-widget-image\" data-id=\"87fc0eb\" data-element_type=\"widget\" data-e-type=\"widget\" data-widget_type=\"image.default\">\n\t\t\t\t\t\t\t\t\t\t\t\t\t\t\t<img fetchpriority=\"high\" decoding=\"async\" width=\"800\" height=\"450\" src=\"https:\/\/www.mascotascostabrava.es\/wp-content\/uploads\/2025\/10\/veterinaria-page-0001-2477860.jpg-1024x576.avif\" class=\"attachment-large size-large wp-image-147\" alt=\"\" srcset=\"https:\/\/www.mascotascostabrava.es\/wp-content\/uploads\/2025\/10\/veterinaria-page-0001-2477860.jpg-1024x576.avif 1024w, https:\/\/www.mascotascostabrava.es\/wp-content\/uploads\/2025\/10\/veterinaria-page-0001-2477860.jpg-300x169.avif 300w, https:\/\/www.mascotascostabrava.es\/wp-content\/uploads\/2025\/10\/veterinaria-page-0001-2477860.jpg-768x432.avif 768w, https:\/\/www.mascotascostabrava.es\/wp-content\/uploads\/2025\/10\/veterinaria-page-0001-2477860.jpg.avif 1280w\" sizes=\"(max-width: 800px) 100vw, 800px\" \/>\t\t\t\t\t\t\t\t\t\t\t\t\t\t\t<\/div>\n\t\t\t\t<\/div>\n\t\t\t\t\t<\/div>\n\t\t\t\t<\/div>\n\t\t\t\t<\/div>\n\t\t","protected":false},"excerpt":{"rendered":"<p>Cl\u00ednica Veterin\u00e0ria La nostra moderna cl\u00ednica veterin\u00e0ria Tenim una cl\u00ednica veterin\u00e0ria equipada completament per poder oferir un servei i una millor atenci\u00f3 sanit\u00e0ria als nostres clients. El fet de disposar de cl\u00ednica veterin\u00e0ria pr\u00f2pia, ens permet mantenir als nostres adults reproductors en un estat de salut perfecte, realitzant anal\u00edtiques, ecografies o radiografies amb la finalitat [&hellip;]<\/p>\n","protected":false},"author":1,"featured_media":85,"parent":0,"menu_order":0,"comment_status":"closed","ping_status":"closed","template":"","meta":{"_joinchat":[],"footnotes":""},"class_list":["post-25","page","type-page","status-publish","has-post-thumbnail","hentry"],"yoast_head":"<!-- This site is optimized with the Yoast SEO plugin v27.2 - https:\/\/yoast.com\/product\/yoast-seo-wordpress\/ -->\n<title>Cl\u00ednica veterin\u00e0ria a Girona | Mascotes Costa Brava<\/title>\n<meta name=\"description\" content=\"Especialistes en salut i benestar animal a Girona. Consultes, vacunes, urg\u00e8ncies i cures integrals per a la teva mascota.\" \/>\n<meta name=\"robots\" content=\"index, follow, max-snippet:-1, max-image-preview:large, max-video-preview:-1\" \/>\n<link rel=\"canonical\" href=\"https:\/\/www.mascotascostabrava.es\/ca\/clinica-veterinaria\/\" \/>\n<meta property=\"og:locale\" content=\"ca_ES\" \/>\n<meta property=\"og:type\" content=\"article\" \/>\n<meta property=\"og:title\" content=\"Cl\u00ednica veterin\u00e0ria a Girona | Mascotes Costa Brava\" \/>\n<meta property=\"og:description\" content=\"Especialistes en salut i benestar animal a Girona. Consultes, vacunes, urg\u00e8ncies i cures integrals per a la teva mascota.\" \/>\n<meta property=\"og:url\" content=\"https:\/\/www.mascotascostabrava.es\/ca\/clinica-veterinaria\/\" \/>\n<meta property=\"og:site_name\" content=\"Mascotes Costa Brava\" \/>\n<meta property=\"article:publisher\" content=\"https:\/\/www.facebook.com\/mascotescostabrava\" \/>\n<meta property=\"article:modified_time\" content=\"2025-10-17T02:41:34+00:00\" \/>\n<meta property=\"og:image\" content=\"https:\/\/www.mascotascostabrava.es\/wp-content\/uploads\/2025\/10\/imatge-fons2-2288219.jpg\" \/>\n\t<meta property=\"og:image:width\" content=\"1511\" \/>\n\t<meta property=\"og:image:height\" content=\"403\" \/>\n\t<meta property=\"og:image:type\" content=\"image\/jpeg\" \/>\n<meta name=\"twitter:card\" content=\"summary_large_image\" \/>\n<meta name=\"twitter:site\" content=\"@MascotesCBrava\" \/>\n<meta name=\"twitter:label1\" content=\"Temps estimat de lectura\" \/>\n\t<meta name=\"twitter:data1\" content=\"1 minut\" \/>\n<script type=\"application\/ld+json\" class=\"yoast-schema-graph\">{\"@context\":\"https:\/\/schema.org\",\"@graph\":[{\"@type\":\"WebPage\",\"@id\":\"https:\/\/www.mascotascostabrava.es\/ca\/clinica-veterinaria\/\",\"url\":\"https:\/\/www.mascotascostabrava.es\/ca\/clinica-veterinaria\/\",\"name\":\"Cl\u00ednica veterin\u00e0ria a Girona | Mascotes Costa Brava\",\"isPartOf\":{\"@id\":\"https:\/\/www.mascotascostabrava.es\/ca\/#website\"},\"primaryImageOfPage\":{\"@id\":\"https:\/\/www.mascotascostabrava.es\/ca\/clinica-veterinaria\/#primaryimage\"},\"image\":{\"@id\":\"https:\/\/www.mascotascostabrava.es\/ca\/clinica-veterinaria\/#primaryimage\"},\"thumbnailUrl\":\"https:\/\/www.mascotascostabrava.es\/wp-content\/uploads\/2025\/10\/imatge-fons2-2288219.jpg\",\"datePublished\":\"2025-10-14T23:38:11+00:00\",\"dateModified\":\"2025-10-17T02:41:34+00:00\",\"description\":\"Especialistes en salut i benestar animal a Girona. Consultes, vacunes, urg\u00e8ncies i cures integrals per a la teva mascota.\",\"breadcrumb\":{\"@id\":\"https:\/\/www.mascotascostabrava.es\/ca\/clinica-veterinaria\/#breadcrumb\"},\"inLanguage\":\"ca\",\"potentialAction\":[{\"@type\":\"ReadAction\",\"target\":[\"https:\/\/www.mascotascostabrava.es\/ca\/clinica-veterinaria\/\"]}]},{\"@type\":\"ImageObject\",\"inLanguage\":\"ca\",\"@id\":\"https:\/\/www.mascotascostabrava.es\/ca\/clinica-veterinaria\/#primaryimage\",\"url\":\"https:\/\/www.mascotascostabrava.es\/wp-content\/uploads\/2025\/10\/imatge-fons2-2288219.jpg\",\"contentUrl\":\"https:\/\/www.mascotascostabrava.es\/wp-content\/uploads\/2025\/10\/imatge-fons2-2288219.jpg\",\"width\":1511,\"height\":403},{\"@type\":\"BreadcrumbList\",\"@id\":\"https:\/\/www.mascotascostabrava.es\/ca\/clinica-veterinaria\/#breadcrumb\",\"itemListElement\":[{\"@type\":\"ListItem\",\"position\":1,\"name\":\"Portada\",\"item\":\"https:\/\/www.mascotascostabrava.es\/ca\/\"},{\"@type\":\"ListItem\",\"position\":2,\"name\":\"Cl\u00ednica Veterin\u00e0ria\"}]},{\"@type\":\"WebSite\",\"@id\":\"https:\/\/www.mascotascostabrava.es\/ca\/#website\",\"url\":\"https:\/\/www.mascotascostabrava.es\/ca\/\",\"name\":\"Mascotes Costa Brava\",\"description\":\"Tot per a la teva mascota a Girona\",\"publisher\":{\"@id\":\"https:\/\/www.mascotascostabrava.es\/ca\/#organization\"},\"potentialAction\":[{\"@type\":\"SearchAction\",\"target\":{\"@type\":\"EntryPoint\",\"urlTemplate\":\"https:\/\/www.mascotascostabrava.es\/ca\/?s={search_term_string}\"},\"query-input\":{\"@type\":\"PropertyValueSpecification\",\"valueRequired\":true,\"valueName\":\"search_term_string\"}}],\"inLanguage\":\"ca\"},{\"@type\":\"Organization\",\"@id\":\"https:\/\/www.mascotascostabrava.es\/ca\/#organization\",\"name\":\"Mascotes Costa Brava\",\"url\":\"https:\/\/www.mascotascostabrava.es\/ca\/\",\"logo\":{\"@type\":\"ImageObject\",\"inLanguage\":\"ca\",\"@id\":\"https:\/\/www.mascotascostabrava.es\/ca\/#\/schema\/logo\/image\/\",\"url\":\"https:\/\/www.mascotascostabrava.es\/wp-content\/uploads\/2025\/10\/logo-color.avif\",\"contentUrl\":\"https:\/\/www.mascotascostabrava.es\/wp-content\/uploads\/2025\/10\/logo-color.avif\",\"width\":640,\"height\":149,\"caption\":\"Mascotes Costa Brava\"},\"image\":{\"@id\":\"https:\/\/www.mascotascostabrava.es\/ca\/#\/schema\/logo\/image\/\"},\"sameAs\":[\"https:\/\/www.facebook.com\/mascotescostabrava\",\"https:\/\/x.com\/MascotesCBrava\",\"https:\/\/www.youtube.com\/user\/MascotesCostaBrava\",\"https:\/\/www.instagram.com\/mascotescostabrava\/\"]}]}<\/script>\n<!-- \/ Yoast SEO plugin. -->","yoast_head_json":{"title":"Cl\u00ednica veterin\u00e0ria a Girona | Mascotes Costa Brava","description":"Especialistes en salut i benestar animal a Girona. Consultes, vacunes, urg\u00e8ncies i cures integrals per a la teva mascota.","robots":{"index":"index","follow":"follow","max-snippet":"max-snippet:-1","max-image-preview":"max-image-preview:large","max-video-preview":"max-video-preview:-1"},"canonical":"https:\/\/www.mascotascostabrava.es\/ca\/clinica-veterinaria\/","og_locale":"ca_ES","og_type":"article","og_title":"Cl\u00ednica veterin\u00e0ria a Girona | Mascotes Costa Brava","og_description":"Especialistes en salut i benestar animal a Girona. Consultes, vacunes, urg\u00e8ncies i cures integrals per a la teva mascota.","og_url":"https:\/\/www.mascotascostabrava.es\/ca\/clinica-veterinaria\/","og_site_name":"Mascotes Costa Brava","article_publisher":"https:\/\/www.facebook.com\/mascotescostabrava","article_modified_time":"2025-10-17T02:41:34+00:00","og_image":[{"width":1511,"height":403,"url":"https:\/\/www.mascotascostabrava.es\/wp-content\/uploads\/2025\/10\/imatge-fons2-2288219.jpg","type":"image\/jpeg"}],"twitter_card":"summary_large_image","twitter_site":"@MascotesCBrava","twitter_misc":{"Temps estimat de lectura":"1 minut"},"schema":{"@context":"https:\/\/schema.org","@graph":[{"@type":"WebPage","@id":"https:\/\/www.mascotascostabrava.es\/ca\/clinica-veterinaria\/","url":"https:\/\/www.mascotascostabrava.es\/ca\/clinica-veterinaria\/","name":"Cl\u00ednica veterin\u00e0ria a Girona | Mascotes Costa Brava","isPartOf":{"@id":"https:\/\/www.mascotascostabrava.es\/ca\/#website"},"primaryImageOfPage":{"@id":"https:\/\/www.mascotascostabrava.es\/ca\/clinica-veterinaria\/#primaryimage"},"image":{"@id":"https:\/\/www.mascotascostabrava.es\/ca\/clinica-veterinaria\/#primaryimage"},"thumbnailUrl":"https:\/\/www.mascotascostabrava.es\/wp-content\/uploads\/2025\/10\/imatge-fons2-2288219.jpg","datePublished":"2025-10-14T23:38:11+00:00","dateModified":"2025-10-17T02:41:34+00:00","description":"Especialistes en salut i benestar animal a Girona. Consultes, vacunes, urg\u00e8ncies i cures integrals per a la teva mascota.","breadcrumb":{"@id":"https:\/\/www.mascotascostabrava.es\/ca\/clinica-veterinaria\/#breadcrumb"},"inLanguage":"ca","potentialAction":[{"@type":"ReadAction","target":["https:\/\/www.mascotascostabrava.es\/ca\/clinica-veterinaria\/"]}]},{"@type":"ImageObject","inLanguage":"ca","@id":"https:\/\/www.mascotascostabrava.es\/ca\/clinica-veterinaria\/#primaryimage","url":"https:\/\/www.mascotascostabrava.es\/wp-content\/uploads\/2025\/10\/imatge-fons2-2288219.jpg","contentUrl":"https:\/\/www.mascotascostabrava.es\/wp-content\/uploads\/2025\/10\/imatge-fons2-2288219.jpg","width":1511,"height":403},{"@type":"BreadcrumbList","@id":"https:\/\/www.mascotascostabrava.es\/ca\/clinica-veterinaria\/#breadcrumb","itemListElement":[{"@type":"ListItem","position":1,"name":"Portada","item":"https:\/\/www.mascotascostabrava.es\/ca\/"},{"@type":"ListItem","position":2,"name":"Cl\u00ednica Veterin\u00e0ria"}]},{"@type":"WebSite","@id":"https:\/\/www.mascotascostabrava.es\/ca\/#website","url":"https:\/\/www.mascotascostabrava.es\/ca\/","name":"Mascotes Costa Brava","description":"Tot per a la teva mascota a Girona","publisher":{"@id":"https:\/\/www.mascotascostabrava.es\/ca\/#organization"},"potentialAction":[{"@type":"SearchAction","target":{"@type":"EntryPoint","urlTemplate":"https:\/\/www.mascotascostabrava.es\/ca\/?s={search_term_string}"},"query-input":{"@type":"PropertyValueSpecification","valueRequired":true,"valueName":"search_term_string"}}],"inLanguage":"ca"},{"@type":"Organization","@id":"https:\/\/www.mascotascostabrava.es\/ca\/#organization","name":"Mascotes Costa Brava","url":"https:\/\/www.mascotascostabrava.es\/ca\/","logo":{"@type":"ImageObject","inLanguage":"ca","@id":"https:\/\/www.mascotascostabrava.es\/ca\/#\/schema\/logo\/image\/","url":"https:\/\/www.mascotascostabrava.es\/wp-content\/uploads\/2025\/10\/logo-color.avif","contentUrl":"https:\/\/www.mascotascostabrava.es\/wp-content\/uploads\/2025\/10\/logo-color.avif","width":640,"height":149,"caption":"Mascotes Costa Brava"},"image":{"@id":"https:\/\/www.mascotascostabrava.es\/ca\/#\/schema\/logo\/image\/"},"sameAs":["https:\/\/www.facebook.com\/mascotescostabrava","https:\/\/x.com\/MascotesCBrava","https:\/\/www.youtube.com\/user\/MascotesCostaBrava","https:\/\/www.instagram.com\/mascotescostabrava\/"]}]}},"_links":{"self":[{"href":"https:\/\/www.mascotascostabrava.es\/ca\/wp-json\/wp\/v2\/pages\/25","targetHints":{"allow":["GET"]}}],"collection":[{"href":"https:\/\/www.mascotascostabrava.es\/ca\/wp-json\/wp\/v2\/pages"}],"about":[{"href":"https:\/\/www.mascotascostabrava.es\/ca\/wp-json\/wp\/v2\/types\/page"}],"author":[{"embeddable":true,"href":"https:\/\/www.mascotascostabrava.es\/ca\/wp-json\/wp\/v2\/users\/1"}],"replies":[{"embeddable":true,"href":"https:\/\/www.mascotascostabrava.es\/ca\/wp-json\/wp\/v2\/comments?post=25"}],"version-history":[{"count":7,"href":"https:\/\/www.mascotascostabrava.es\/ca\/wp-json\/wp\/v2\/pages\/25\/revisions"}],"predecessor-version":[{"id":221,"href":"https:\/\/www.mascotascostabrava.es\/ca\/wp-json\/wp\/v2\/pages\/25\/revisions\/221"}],"wp:featuredmedia":[{"embeddable":true,"href":"https:\/\/www.mascotascostabrava.es\/ca\/wp-json\/wp\/v2\/media\/85"}],"wp:attachment":[{"href":"https:\/\/www.mascotascostabrava.es\/ca\/wp-json\/wp\/v2\/media?parent=25"}],"curies":[{"name":"wp","href":"https:\/\/api.w.org\/{rel}","templated":true}]}}