{"id":427,"date":"2025-10-17T01:07:31","date_gmt":"2025-10-17T01:07:31","guid":{"rendered":"https:\/\/www.mascotascostabrava.es\/aviso-legal\/"},"modified":"2025-10-30T13:49:34","modified_gmt":"2025-10-30T13:49:34","slug":"aviso-legal","status":"publish","type":"page","link":"https:\/\/www.mascotascostabrava.es\/es\/aviso-legal\/","title":{"rendered":"Aviso legal"},"content":{"rendered":"\t\t<div data-elementor-type=\"wp-page\" data-elementor-id=\"427\" class=\"elementor elementor-427 elementor-181\" data-elementor-post-type=\"page\">\n\t\t\t\t<div class=\"elementor-element elementor-element-23750ac e-flex e-con-boxed e-con e-parent\" data-id=\"23750ac\" data-element_type=\"container\" data-e-type=\"container\">\n\t\t\t\t\t<div class=\"e-con-inner\">\n\t\t\t\t<div class=\"elementor-element elementor-element-9abfed8 elementor-widget elementor-widget-heading\" data-id=\"9abfed8\" data-element_type=\"widget\" data-e-type=\"widget\" data-widget_type=\"heading.default\">\n\t\t\t\t\t<h1 class=\"elementor-heading-title elementor-size-default\">Aviso legal<\/h1>\t\t\t\t<\/div>\n\t\t\t\t<div class=\"elementor-element elementor-element-842e0e5 elementor-widget elementor-widget-text-editor\" data-id=\"842e0e5\" data-element_type=\"widget\" data-e-type=\"widget\" data-widget_type=\"text-editor.default\">\n\t\t\t\t\t\t\t\t\t<p>De conformidad con la Ley 34\/2002, de Servicios de la Sociedad de la Informaci\u00f3n y de Comercio Electr\u00f3nico, te informamos que este sitio web es propiedad de:<\/p><p>Identidad: PUJADES LLOMBART S.L. (en adelante \u00abEL TITULAR\u00bb)<\/p><p>CIF: B25481656<\/p><p>Domicilio: C\/ Balmes 7 de Linyola (25240)<\/p><p>Tel\u00e9fono: 671506376<\/p><p>Correo electr\u00f3nico: info@mascotascostabrava.com<\/p><h2 class=\"title3 titol text-uppercase\">PROPIEDAD INTELECTUAL E INDUSTRIAL<\/h2><p>Los contenidos de este sitio, incluyendo los textos, im\u00e1genes y dise\u00f1os gr\u00e1ficos, pertenecen a EL TITULAR, o a terceros que han autorizado su uso. EL TITULAR presenta estos contenidos con fines de informaci\u00f3n y promoci\u00f3n. EL TITULAR autoriza su utilizaci\u00f3n exclusivamente con estos fines. Cualquier utilizaci\u00f3n de estos dise\u00f1os, im\u00e1genes o textos deber\u00e1 citar expresamente su pertenencia a EL TITULAR, quien se reserva el derecho a iniciar las acciones legales oportunas para reparar los da\u00f1os y perjuicios causados por cualquier acto que vulnere sus derechos de propiedad intelectual o industrial.<\/p><h2 class=\"title3 titol text-uppercase\">EXCLUSI\u00d3N DE RESPONSABILIDAD<\/h2><p>EL TITULAR act\u00faa con la m\u00e1xima diligencia posible para que los datos y la informaci\u00f3n que ofrece en su sitio web est\u00e9n actualizados en todo momento, si bien no garantiza ni se hace responsable de la exactitud y actualizaci\u00f3n de los contenidos del sitio web, reserv\u00e1ndose el derecho a modificar estos contenidos en cualquier momento. EL TITULAR tampoco ser\u00e1 responsable de la informaci\u00f3n que se pueda obtener a trav\u00e9s de enlaces incluidos en el sitio web.<\/p><p>Las relaciones comerciales con los clientes se regir\u00e1n por las condiciones generales que, en su caso, establezca EL TITULAR en un documento espec\u00edfico a tal efecto, o por los pactos concretos que se puedan acordar con los clientes.<\/p><h2 class=\"title3 titol text-uppercase\">CONDICIONES DE USO<\/h2><p>El uso de este sitio web implica la aceptaci\u00f3n plena de los t\u00e9rminos del presente aviso legal. Los posibles conflictos relativos a este sitio web se regir\u00e1n exclusivamente por el derecho del Estado Espa\u00f1ol. Toda persona usuaria del sitio web, independientemente de la jurisdicci\u00f3n territorial desde la que se produzca su acceso, acepta el cumplimiento y respeto de estas cl\u00e1usulas con renuncia expresa, sin perjuicio de los derechos que legalmente correspondan al usuario en caso de que este tenga la condici\u00f3n de consumidor.<\/p>\t\t\t\t\t\t\t\t<\/div>\n\t\t\t\t\t<\/div>\n\t\t\t\t<\/div>\n\t\t\t\t<\/div>\n\t\t","protected":false},"excerpt":{"rendered":"<p>Aviso legal De conformidad con la Ley 34\/2002, de Servicios de la Sociedad de la Informaci\u00f3n y de Comercio Electr\u00f3nico, te informamos que este sitio web es propiedad de: Identidad: PUJADES LLOMBART S.L. (en adelante \u00abEL TITULAR\u00bb) CIF: B25481656 Domicilio: C\/ Balmes 7 de Linyola (25240) Tel\u00e9fono: 671506376 Correo electr\u00f3nico: info@mascotascostabrava.com PROPIEDAD INTELECTUAL E INDUSTRIAL [&hellip;]<\/p>\n","protected":false},"author":1,"featured_media":0,"parent":0,"menu_order":0,"comment_status":"closed","ping_status":"closed","template":"","meta":{"_joinchat":[],"footnotes":""},"class_list":["post-427","page","type-page","status-publish","hentry"],"yoast_head":"<!-- This site is optimized with the Yoast SEO plugin v27.2 - https:\/\/yoast.com\/product\/yoast-seo-wordpress\/ -->\n<title>Aviso legal - Mascotes Costa Brava<\/title>\n<meta name=\"robots\" content=\"noindex, nofollow\" \/>\n<meta property=\"og:locale\" content=\"es_ES\" \/>\n<meta property=\"og:type\" content=\"article\" \/>\n<meta property=\"og:title\" content=\"Aviso legal - Mascotes Costa Brava\" \/>\n<meta property=\"og:description\" content=\"Aviso legal De conformidad con la Ley 34\/2002, de Servicios de la Sociedad de la Informaci\u00f3n y de Comercio Electr\u00f3nico, te informamos que este sitio web es propiedad de: Identidad: PUJADES LLOMBART S.L. (en adelante \u00abEL TITULAR\u00bb) CIF: B25481656 Domicilio: C\/ Balmes 7 de Linyola (25240) Tel\u00e9fono: 671506376 Correo electr\u00f3nico: info@mascotascostabrava.com PROPIEDAD INTELECTUAL E INDUSTRIAL [&hellip;]\" \/>\n<meta property=\"og:url\" content=\"https:\/\/www.mascotascostabrava.es\/es\/aviso-legal\/\" \/>\n<meta property=\"og:site_name\" content=\"Mascotes Costa Brava\" \/>\n<meta property=\"article:publisher\" content=\"https:\/\/www.facebook.com\/mascotescostabrava\" \/>\n<meta property=\"article:modified_time\" content=\"2025-10-30T13:49:34+00:00\" \/>\n<meta name=\"twitter:card\" content=\"summary_large_image\" \/>\n<meta name=\"twitter:site\" content=\"@MascotesCBrava\" \/>\n<meta name=\"twitter:label1\" content=\"Tiempo de lectura\" \/>\n\t<meta name=\"twitter:data1\" content=\"2 minutos\" \/>\n<script type=\"application\/ld+json\" class=\"yoast-schema-graph\">{\"@context\":\"https:\/\/schema.org\",\"@graph\":[{\"@type\":\"WebPage\",\"@id\":\"https:\/\/www.mascotascostabrava.es\/es\/aviso-legal\/\",\"url\":\"https:\/\/www.mascotascostabrava.es\/es\/aviso-legal\/\",\"name\":\"Aviso legal - Mascotes Costa Brava\",\"isPartOf\":{\"@id\":\"https:\/\/www.mascotascostabrava.es\/es\/#website\"},\"datePublished\":\"2025-10-17T01:07:31+00:00\",\"dateModified\":\"2025-10-30T13:49:34+00:00\",\"breadcrumb\":{\"@id\":\"https:\/\/www.mascotascostabrava.es\/es\/aviso-legal\/#breadcrumb\"},\"inLanguage\":\"es\",\"potentialAction\":[{\"@type\":\"ReadAction\",\"target\":[\"https:\/\/www.mascotascostabrava.es\/es\/aviso-legal\/\"]}]},{\"@type\":\"BreadcrumbList\",\"@id\":\"https:\/\/www.mascotascostabrava.es\/es\/aviso-legal\/#breadcrumb\",\"itemListElement\":[{\"@type\":\"ListItem\",\"position\":1,\"name\":\"Portada\",\"item\":\"https:\/\/www.mascotascostabrava.es\/es\/\"},{\"@type\":\"ListItem\",\"position\":2,\"name\":\"Aviso legal\"}]},{\"@type\":\"WebSite\",\"@id\":\"https:\/\/www.mascotascostabrava.es\/es\/#website\",\"url\":\"https:\/\/www.mascotascostabrava.es\/es\/\",\"name\":\"Mascotes Costa Brava\",\"description\":\"Tot per a la teva mascota a Girona\",\"publisher\":{\"@id\":\"https:\/\/www.mascotascostabrava.es\/es\/#organization\"},\"potentialAction\":[{\"@type\":\"SearchAction\",\"target\":{\"@type\":\"EntryPoint\",\"urlTemplate\":\"https:\/\/www.mascotascostabrava.es\/es\/?s={search_term_string}\"},\"query-input\":{\"@type\":\"PropertyValueSpecification\",\"valueRequired\":true,\"valueName\":\"search_term_string\"}}],\"inLanguage\":\"es\"},{\"@type\":\"Organization\",\"@id\":\"https:\/\/www.mascotascostabrava.es\/es\/#organization\",\"name\":\"Mascotes Costa Brava\",\"url\":\"https:\/\/www.mascotascostabrava.es\/es\/\",\"logo\":{\"@type\":\"ImageObject\",\"inLanguage\":\"es\",\"@id\":\"https:\/\/www.mascotascostabrava.es\/es\/#\/schema\/logo\/image\/\",\"url\":\"https:\/\/www.mascotascostabrava.es\/wp-content\/uploads\/2025\/10\/logo-color-1.avif\",\"contentUrl\":\"https:\/\/www.mascotascostabrava.es\/wp-content\/uploads\/2025\/10\/logo-color-1.avif\",\"width\":640,\"height\":149,\"caption\":\"Mascotes Costa Brava\"},\"image\":{\"@id\":\"https:\/\/www.mascotascostabrava.es\/es\/#\/schema\/logo\/image\/\"},\"sameAs\":[\"https:\/\/www.facebook.com\/mascotescostabrava\",\"https:\/\/x.com\/MascotesCBrava\",\"https:\/\/www.youtube.com\/user\/MascotesCostaBrava\",\"https:\/\/www.instagram.com\/mascotescostabrava\/\"]}]}<\/script>\n<!-- \/ Yoast SEO plugin. -->","yoast_head_json":{"title":"Aviso legal - Mascotes Costa Brava","robots":{"index":"noindex","follow":"nofollow"},"og_locale":"es_ES","og_type":"article","og_title":"Aviso legal - Mascotes Costa Brava","og_description":"Aviso legal De conformidad con la Ley 34\/2002, de Servicios de la Sociedad de la Informaci\u00f3n y de Comercio Electr\u00f3nico, te informamos que este sitio web es propiedad de: Identidad: PUJADES LLOMBART S.L. (en adelante \u00abEL TITULAR\u00bb) CIF: B25481656 Domicilio: C\/ Balmes 7 de Linyola (25240) Tel\u00e9fono: 671506376 Correo electr\u00f3nico: info@mascotascostabrava.com PROPIEDAD INTELECTUAL E INDUSTRIAL [&hellip;]","og_url":"https:\/\/www.mascotascostabrava.es\/es\/aviso-legal\/","og_site_name":"Mascotes Costa Brava","article_publisher":"https:\/\/www.facebook.com\/mascotescostabrava","article_modified_time":"2025-10-30T13:49:34+00:00","twitter_card":"summary_large_image","twitter_site":"@MascotesCBrava","twitter_misc":{"Tiempo de lectura":"2 minutos"},"schema":{"@context":"https:\/\/schema.org","@graph":[{"@type":"WebPage","@id":"https:\/\/www.mascotascostabrava.es\/es\/aviso-legal\/","url":"https:\/\/www.mascotascostabrava.es\/es\/aviso-legal\/","name":"Aviso legal - Mascotes Costa Brava","isPartOf":{"@id":"https:\/\/www.mascotascostabrava.es\/es\/#website"},"datePublished":"2025-10-17T01:07:31+00:00","dateModified":"2025-10-30T13:49:34+00:00","breadcrumb":{"@id":"https:\/\/www.mascotascostabrava.es\/es\/aviso-legal\/#breadcrumb"},"inLanguage":"es","potentialAction":[{"@type":"ReadAction","target":["https:\/\/www.mascotascostabrava.es\/es\/aviso-legal\/"]}]},{"@type":"BreadcrumbList","@id":"https:\/\/www.mascotascostabrava.es\/es\/aviso-legal\/#breadcrumb","itemListElement":[{"@type":"ListItem","position":1,"name":"Portada","item":"https:\/\/www.mascotascostabrava.es\/es\/"},{"@type":"ListItem","position":2,"name":"Aviso legal"}]},{"@type":"WebSite","@id":"https:\/\/www.mascotascostabrava.es\/es\/#website","url":"https:\/\/www.mascotascostabrava.es\/es\/","name":"Mascotes Costa Brava","description":"Tot per a la teva mascota a Girona","publisher":{"@id":"https:\/\/www.mascotascostabrava.es\/es\/#organization"},"potentialAction":[{"@type":"SearchAction","target":{"@type":"EntryPoint","urlTemplate":"https:\/\/www.mascotascostabrava.es\/es\/?s={search_term_string}"},"query-input":{"@type":"PropertyValueSpecification","valueRequired":true,"valueName":"search_term_string"}}],"inLanguage":"es"},{"@type":"Organization","@id":"https:\/\/www.mascotascostabrava.es\/es\/#organization","name":"Mascotes Costa Brava","url":"https:\/\/www.mascotascostabrava.es\/es\/","logo":{"@type":"ImageObject","inLanguage":"es","@id":"https:\/\/www.mascotascostabrava.es\/es\/#\/schema\/logo\/image\/","url":"https:\/\/www.mascotascostabrava.es\/wp-content\/uploads\/2025\/10\/logo-color-1.avif","contentUrl":"https:\/\/www.mascotascostabrava.es\/wp-content\/uploads\/2025\/10\/logo-color-1.avif","width":640,"height":149,"caption":"Mascotes Costa Brava"},"image":{"@id":"https:\/\/www.mascotascostabrava.es\/es\/#\/schema\/logo\/image\/"},"sameAs":["https:\/\/www.facebook.com\/mascotescostabrava","https:\/\/x.com\/MascotesCBrava","https:\/\/www.youtube.com\/user\/MascotesCostaBrava","https:\/\/www.instagram.com\/mascotescostabrava\/"]}]}},"_links":{"self":[{"href":"https:\/\/www.mascotascostabrava.es\/es\/wp-json\/wp\/v2\/pages\/427","targetHints":{"allow":["GET"]}}],"collection":[{"href":"https:\/\/www.mascotascostabrava.es\/es\/wp-json\/wp\/v2\/pages"}],"about":[{"href":"https:\/\/www.mascotascostabrava.es\/es\/wp-json\/wp\/v2\/types\/page"}],"author":[{"embeddable":true,"href":"https:\/\/www.mascotascostabrava.es\/es\/wp-json\/wp\/v2\/users\/1"}],"replies":[{"embeddable":true,"href":"https:\/\/www.mascotascostabrava.es\/es\/wp-json\/wp\/v2\/comments?post=427"}],"version-history":[{"count":1,"href":"https:\/\/www.mascotascostabrava.es\/es\/wp-json\/wp\/v2\/pages\/427\/revisions"}],"predecessor-version":[{"id":428,"href":"https:\/\/www.mascotascostabrava.es\/es\/wp-json\/wp\/v2\/pages\/427\/revisions\/428"}],"wp:attachment":[{"href":"https:\/\/www.mascotascostabrava.es\/es\/wp-json\/wp\/v2\/media?parent=427"}],"curies":[{"name":"wp","href":"https:\/\/api.w.org\/{rel}","templated":true}]}}