{"id":431,"date":"2025-10-14T23:38:11","date_gmt":"2025-10-14T23:38:11","guid":{"rendered":"https:\/\/www.mascotascostabrava.es\/clinica-veterinaria\/"},"modified":"2025-10-30T13:50:12","modified_gmt":"2025-10-30T13:50:12","slug":"clinica-veterinaria","status":"publish","type":"page","link":"https:\/\/www.mascotascostabrava.es\/es\/clinica-veterinaria\/","title":{"rendered":"Cl\u00ednica Veterinaria"},"content":{"rendered":"\t\t<div data-elementor-type=\"wp-page\" data-elementor-id=\"431\" class=\"elementor elementor-431 elementor-25\" data-elementor-post-type=\"page\">\n\t\t\t\t<div class=\"elementor-element elementor-element-ff35b74 e-flex e-con-boxed e-con e-parent\" data-id=\"ff35b74\" data-element_type=\"container\" data-e-type=\"container\">\n\t\t\t\t\t<div class=\"e-con-inner\">\n\t\t<div class=\"elementor-element elementor-element-3e7ae82 e-con-full e-flex e-con e-child\" data-id=\"3e7ae82\" data-element_type=\"container\" data-e-type=\"container\">\n\t\t\t\t<div class=\"elementor-element elementor-element-9d1c561 elementor-widget elementor-widget-heading\" data-id=\"9d1c561\" data-element_type=\"widget\" data-e-type=\"widget\" data-widget_type=\"heading.default\">\n\t\t\t\t\t<h1 class=\"elementor-heading-title elementor-size-default\">Cl\u00ednica Veterinaria<\/h1>\t\t\t\t<\/div>\n\t\t\t\t<div class=\"elementor-element elementor-element-066fa6a elementor-widget elementor-widget-heading\" data-id=\"066fa6a\" data-element_type=\"widget\" data-e-type=\"widget\" data-widget_type=\"heading.default\">\n\t\t\t\t\t<h2 class=\"elementor-heading-title elementor-size-default\">Nuestra moderna cl\u00ednica veterinaria<\/h2>\t\t\t\t<\/div>\n\t\t\t\t<div class=\"elementor-element elementor-element-40b498a elementor-widget elementor-widget-text-editor\" data-id=\"40b498a\" data-element_type=\"widget\" data-e-type=\"widget\" data-widget_type=\"text-editor.default\">\n\t\t\t\t\t\t\t\t\t<p>Tenemos una cl\u00ednica veterinaria completamente equipada para poder ofrecer un servicio y una mejor atenci\u00f3n sanitaria a nuestros clientes.<\/p><p>El hecho de disponer de cl\u00ednica veterinaria propia nos permite mantener a nuestros adultos reproductores en un perfecto estado de salud, realizando anal\u00edticas, ecograf\u00edas o radiograf\u00edas con el fin de garantizar que no surjan problemas durante las gestaciones o el parto.<\/p><p>Tambi\u00e9n nos permite dar m\u00e1s confianza a nuestros clientes, ya que todos los cachorros son revisados diariamente, y en caso de que alg\u00fan cliente tenga una duda o incertidumbre sobre el estado de salud de su animal, puede acudir al centro para realizar un estudio del caso cl\u00ednico.<\/p>\t\t\t\t\t\t\t\t<\/div>\n\t\t\t\t<\/div>\n\t\t<div class=\"elementor-element elementor-element-dc628d1 e-con-full e-flex e-con e-child\" data-id=\"dc628d1\" data-element_type=\"container\" data-e-type=\"container\">\n\t\t\t\t<div class=\"elementor-element elementor-element-87fc0eb elementor-widget elementor-widget-image\" data-id=\"87fc0eb\" data-element_type=\"widget\" data-e-type=\"widget\" data-widget_type=\"image.default\">\n\t\t\t\t\t\t\t\t\t\t\t\t\t\t\t<img fetchpriority=\"high\" decoding=\"async\" width=\"800\" height=\"450\" src=\"https:\/\/www.mascotascostabrava.es\/wp-content\/uploads\/2025\/10\/veterinaria-page-0001-2477860.jpg-1024x576.avif\" class=\"attachment-large size-large wp-image-429\" alt=\"\" srcset=\"https:\/\/www.mascotascostabrava.es\/wp-content\/uploads\/2025\/10\/veterinaria-page-0001-2477860.jpg-1024x576.avif 1024w, https:\/\/www.mascotascostabrava.es\/wp-content\/uploads\/2025\/10\/veterinaria-page-0001-2477860.jpg-300x169.avif 300w, https:\/\/www.mascotascostabrava.es\/wp-content\/uploads\/2025\/10\/veterinaria-page-0001-2477860.jpg-768x432.avif 768w, https:\/\/www.mascotascostabrava.es\/wp-content\/uploads\/2025\/10\/veterinaria-page-0001-2477860.jpg.avif 1280w\" sizes=\"(max-width: 800px) 100vw, 800px\" \/>\t\t\t\t\t\t\t\t\t\t\t\t\t\t\t<\/div>\n\t\t\t\t<\/div>\n\t\t\t\t\t<\/div>\n\t\t\t\t<\/div>\n\t\t\t\t<\/div>\n\t\t","protected":false},"excerpt":{"rendered":"<p>Cl\u00ednica Veterinaria Nuestra moderna cl\u00ednica veterinaria Tenemos una cl\u00ednica veterinaria completamente equipada para poder ofrecer un servicio y una mejor atenci\u00f3n sanitaria a nuestros clientes. El hecho de disponer de cl\u00ednica veterinaria propia nos permite mantener a nuestros adultos reproductores en un perfecto estado de salud, realizando anal\u00edticas, ecograf\u00edas o radiograf\u00edas con el fin de [&hellip;]<\/p>\n","protected":false},"author":1,"featured_media":430,"parent":0,"menu_order":0,"comment_status":"closed","ping_status":"closed","template":"","meta":{"_joinchat":[],"footnotes":""},"class_list":["post-431","page","type-page","status-publish","has-post-thumbnail","hentry"],"yoast_head":"<!-- This site is optimized with the Yoast SEO plugin v27.2 - https:\/\/yoast.com\/product\/yoast-seo-wordpress\/ -->\n<title>Cl\u00ednica veterinaria en Girona | Mascotes Costa Brava<\/title>\n<meta name=\"description\" content=\"Especialistas en salud y bienestar animal en Girona. Consultas, vacunas, urgencias y cuidados integrales para tu mascota.\" \/>\n<meta name=\"robots\" content=\"index, follow, max-snippet:-1, max-image-preview:large, max-video-preview:-1\" \/>\n<link rel=\"canonical\" href=\"https:\/\/www.mascotascostabrava.es\/es\/clinica-veterinaria\/\" \/>\n<meta property=\"og:locale\" content=\"es_ES\" \/>\n<meta property=\"og:type\" content=\"article\" \/>\n<meta property=\"og:title\" content=\"Cl\u00ednica veterinaria en Girona | Mascotes Costa Brava\" \/>\n<meta property=\"og:description\" content=\"Especialistas en salud y bienestar animal en Girona. Consultas, vacunas, urgencias y cuidados integrales para tu mascota.\" \/>\n<meta property=\"og:url\" content=\"https:\/\/www.mascotascostabrava.es\/es\/clinica-veterinaria\/\" \/>\n<meta property=\"og:site_name\" content=\"Mascotes Costa Brava\" \/>\n<meta property=\"article:publisher\" content=\"https:\/\/www.facebook.com\/mascotescostabrava\" \/>\n<meta property=\"article:modified_time\" content=\"2025-10-30T13:50:12+00:00\" \/>\n<meta property=\"og:image\" content=\"https:\/\/www.mascotascostabrava.es\/wp-content\/uploads\/2025\/10\/imatge-fons2-2288219.jpg\" \/>\n\t<meta property=\"og:image:width\" content=\"1511\" \/>\n\t<meta property=\"og:image:height\" content=\"403\" \/>\n\t<meta property=\"og:image:type\" content=\"image\/jpeg\" \/>\n<meta name=\"twitter:card\" content=\"summary_large_image\" \/>\n<meta name=\"twitter:site\" content=\"@MascotesCBrava\" \/>\n<meta name=\"twitter:label1\" content=\"Tiempo de lectura\" \/>\n\t<meta name=\"twitter:data1\" content=\"1 minuto\" \/>\n<script type=\"application\/ld+json\" class=\"yoast-schema-graph\">{\"@context\":\"https:\/\/schema.org\",\"@graph\":[{\"@type\":\"WebPage\",\"@id\":\"https:\/\/www.mascotascostabrava.es\/es\/clinica-veterinaria\/\",\"url\":\"https:\/\/www.mascotascostabrava.es\/es\/clinica-veterinaria\/\",\"name\":\"Cl\u00ednica veterinaria en Girona | Mascotes Costa Brava\",\"isPartOf\":{\"@id\":\"https:\/\/www.mascotascostabrava.es\/es\/#website\"},\"primaryImageOfPage\":{\"@id\":\"https:\/\/www.mascotascostabrava.es\/es\/clinica-veterinaria\/#primaryimage\"},\"image\":{\"@id\":\"https:\/\/www.mascotascostabrava.es\/es\/clinica-veterinaria\/#primaryimage\"},\"thumbnailUrl\":\"https:\/\/www.mascotascostabrava.es\/wp-content\/uploads\/2025\/10\/imatge-fons2-2288219.jpg\",\"datePublished\":\"2025-10-14T23:38:11+00:00\",\"dateModified\":\"2025-10-30T13:50:12+00:00\",\"description\":\"Especialistas en salud y bienestar animal en Girona. Consultas, vacunas, urgencias y cuidados integrales para tu mascota.\",\"breadcrumb\":{\"@id\":\"https:\/\/www.mascotascostabrava.es\/es\/clinica-veterinaria\/#breadcrumb\"},\"inLanguage\":\"es\",\"potentialAction\":[{\"@type\":\"ReadAction\",\"target\":[\"https:\/\/www.mascotascostabrava.es\/es\/clinica-veterinaria\/\"]}]},{\"@type\":\"ImageObject\",\"inLanguage\":\"es\",\"@id\":\"https:\/\/www.mascotascostabrava.es\/es\/clinica-veterinaria\/#primaryimage\",\"url\":\"https:\/\/www.mascotascostabrava.es\/wp-content\/uploads\/2025\/10\/imatge-fons2-2288219.jpg\",\"contentUrl\":\"https:\/\/www.mascotascostabrava.es\/wp-content\/uploads\/2025\/10\/imatge-fons2-2288219.jpg\",\"width\":1511,\"height\":403},{\"@type\":\"BreadcrumbList\",\"@id\":\"https:\/\/www.mascotascostabrava.es\/es\/clinica-veterinaria\/#breadcrumb\",\"itemListElement\":[{\"@type\":\"ListItem\",\"position\":1,\"name\":\"Portada\",\"item\":\"https:\/\/www.mascotascostabrava.es\/es\/\"},{\"@type\":\"ListItem\",\"position\":2,\"name\":\"Cl\u00ednica Veterinaria\"}]},{\"@type\":\"WebSite\",\"@id\":\"https:\/\/www.mascotascostabrava.es\/es\/#website\",\"url\":\"https:\/\/www.mascotascostabrava.es\/es\/\",\"name\":\"Mascotes Costa Brava\",\"description\":\"Tot per a la teva mascota a Girona\",\"publisher\":{\"@id\":\"https:\/\/www.mascotascostabrava.es\/es\/#organization\"},\"potentialAction\":[{\"@type\":\"SearchAction\",\"target\":{\"@type\":\"EntryPoint\",\"urlTemplate\":\"https:\/\/www.mascotascostabrava.es\/es\/?s={search_term_string}\"},\"query-input\":{\"@type\":\"PropertyValueSpecification\",\"valueRequired\":true,\"valueName\":\"search_term_string\"}}],\"inLanguage\":\"es\"},{\"@type\":\"Organization\",\"@id\":\"https:\/\/www.mascotascostabrava.es\/es\/#organization\",\"name\":\"Mascotes Costa Brava\",\"url\":\"https:\/\/www.mascotascostabrava.es\/es\/\",\"logo\":{\"@type\":\"ImageObject\",\"inLanguage\":\"es\",\"@id\":\"https:\/\/www.mascotascostabrava.es\/es\/#\/schema\/logo\/image\/\",\"url\":\"https:\/\/www.mascotascostabrava.es\/wp-content\/uploads\/2025\/10\/logo-color-1.avif\",\"contentUrl\":\"https:\/\/www.mascotascostabrava.es\/wp-content\/uploads\/2025\/10\/logo-color-1.avif\",\"width\":640,\"height\":149,\"caption\":\"Mascotes Costa Brava\"},\"image\":{\"@id\":\"https:\/\/www.mascotascostabrava.es\/es\/#\/schema\/logo\/image\/\"},\"sameAs\":[\"https:\/\/www.facebook.com\/mascotescostabrava\",\"https:\/\/x.com\/MascotesCBrava\",\"https:\/\/www.youtube.com\/user\/MascotesCostaBrava\",\"https:\/\/www.instagram.com\/mascotescostabrava\/\"]}]}<\/script>\n<!-- \/ Yoast SEO plugin. -->","yoast_head_json":{"title":"Cl\u00ednica veterinaria en Girona | Mascotes Costa Brava","description":"Especialistas en salud y bienestar animal en Girona. Consultas, vacunas, urgencias y cuidados integrales para tu mascota.","robots":{"index":"index","follow":"follow","max-snippet":"max-snippet:-1","max-image-preview":"max-image-preview:large","max-video-preview":"max-video-preview:-1"},"canonical":"https:\/\/www.mascotascostabrava.es\/es\/clinica-veterinaria\/","og_locale":"es_ES","og_type":"article","og_title":"Cl\u00ednica veterinaria en Girona | Mascotes Costa Brava","og_description":"Especialistas en salud y bienestar animal en Girona. Consultas, vacunas, urgencias y cuidados integrales para tu mascota.","og_url":"https:\/\/www.mascotascostabrava.es\/es\/clinica-veterinaria\/","og_site_name":"Mascotes Costa Brava","article_publisher":"https:\/\/www.facebook.com\/mascotescostabrava","article_modified_time":"2025-10-30T13:50:12+00:00","og_image":[{"width":1511,"height":403,"url":"https:\/\/www.mascotascostabrava.es\/wp-content\/uploads\/2025\/10\/imatge-fons2-2288219.jpg","type":"image\/jpeg"}],"twitter_card":"summary_large_image","twitter_site":"@MascotesCBrava","twitter_misc":{"Tiempo de lectura":"1 minuto"},"schema":{"@context":"https:\/\/schema.org","@graph":[{"@type":"WebPage","@id":"https:\/\/www.mascotascostabrava.es\/es\/clinica-veterinaria\/","url":"https:\/\/www.mascotascostabrava.es\/es\/clinica-veterinaria\/","name":"Cl\u00ednica veterinaria en Girona | Mascotes Costa Brava","isPartOf":{"@id":"https:\/\/www.mascotascostabrava.es\/es\/#website"},"primaryImageOfPage":{"@id":"https:\/\/www.mascotascostabrava.es\/es\/clinica-veterinaria\/#primaryimage"},"image":{"@id":"https:\/\/www.mascotascostabrava.es\/es\/clinica-veterinaria\/#primaryimage"},"thumbnailUrl":"https:\/\/www.mascotascostabrava.es\/wp-content\/uploads\/2025\/10\/imatge-fons2-2288219.jpg","datePublished":"2025-10-14T23:38:11+00:00","dateModified":"2025-10-30T13:50:12+00:00","description":"Especialistas en salud y bienestar animal en Girona. Consultas, vacunas, urgencias y cuidados integrales para tu mascota.","breadcrumb":{"@id":"https:\/\/www.mascotascostabrava.es\/es\/clinica-veterinaria\/#breadcrumb"},"inLanguage":"es","potentialAction":[{"@type":"ReadAction","target":["https:\/\/www.mascotascostabrava.es\/es\/clinica-veterinaria\/"]}]},{"@type":"ImageObject","inLanguage":"es","@id":"https:\/\/www.mascotascostabrava.es\/es\/clinica-veterinaria\/#primaryimage","url":"https:\/\/www.mascotascostabrava.es\/wp-content\/uploads\/2025\/10\/imatge-fons2-2288219.jpg","contentUrl":"https:\/\/www.mascotascostabrava.es\/wp-content\/uploads\/2025\/10\/imatge-fons2-2288219.jpg","width":1511,"height":403},{"@type":"BreadcrumbList","@id":"https:\/\/www.mascotascostabrava.es\/es\/clinica-veterinaria\/#breadcrumb","itemListElement":[{"@type":"ListItem","position":1,"name":"Portada","item":"https:\/\/www.mascotascostabrava.es\/es\/"},{"@type":"ListItem","position":2,"name":"Cl\u00ednica Veterinaria"}]},{"@type":"WebSite","@id":"https:\/\/www.mascotascostabrava.es\/es\/#website","url":"https:\/\/www.mascotascostabrava.es\/es\/","name":"Mascotes Costa Brava","description":"Tot per a la teva mascota a Girona","publisher":{"@id":"https:\/\/www.mascotascostabrava.es\/es\/#organization"},"potentialAction":[{"@type":"SearchAction","target":{"@type":"EntryPoint","urlTemplate":"https:\/\/www.mascotascostabrava.es\/es\/?s={search_term_string}"},"query-input":{"@type":"PropertyValueSpecification","valueRequired":true,"valueName":"search_term_string"}}],"inLanguage":"es"},{"@type":"Organization","@id":"https:\/\/www.mascotascostabrava.es\/es\/#organization","name":"Mascotes Costa Brava","url":"https:\/\/www.mascotascostabrava.es\/es\/","logo":{"@type":"ImageObject","inLanguage":"es","@id":"https:\/\/www.mascotascostabrava.es\/es\/#\/schema\/logo\/image\/","url":"https:\/\/www.mascotascostabrava.es\/wp-content\/uploads\/2025\/10\/logo-color-1.avif","contentUrl":"https:\/\/www.mascotascostabrava.es\/wp-content\/uploads\/2025\/10\/logo-color-1.avif","width":640,"height":149,"caption":"Mascotes Costa Brava"},"image":{"@id":"https:\/\/www.mascotascostabrava.es\/es\/#\/schema\/logo\/image\/"},"sameAs":["https:\/\/www.facebook.com\/mascotescostabrava","https:\/\/x.com\/MascotesCBrava","https:\/\/www.youtube.com\/user\/MascotesCostaBrava","https:\/\/www.instagram.com\/mascotescostabrava\/"]}]}},"_links":{"self":[{"href":"https:\/\/www.mascotascostabrava.es\/es\/wp-json\/wp\/v2\/pages\/431","targetHints":{"allow":["GET"]}}],"collection":[{"href":"https:\/\/www.mascotascostabrava.es\/es\/wp-json\/wp\/v2\/pages"}],"about":[{"href":"https:\/\/www.mascotascostabrava.es\/es\/wp-json\/wp\/v2\/types\/page"}],"author":[{"embeddable":true,"href":"https:\/\/www.mascotascostabrava.es\/es\/wp-json\/wp\/v2\/users\/1"}],"replies":[{"embeddable":true,"href":"https:\/\/www.mascotascostabrava.es\/es\/wp-json\/wp\/v2\/comments?post=431"}],"version-history":[{"count":1,"href":"https:\/\/www.mascotascostabrava.es\/es\/wp-json\/wp\/v2\/pages\/431\/revisions"}],"predecessor-version":[{"id":432,"href":"https:\/\/www.mascotascostabrava.es\/es\/wp-json\/wp\/v2\/pages\/431\/revisions\/432"}],"wp:featuredmedia":[{"embeddable":true,"href":"https:\/\/www.mascotascostabrava.es\/es\/wp-json\/wp\/v2\/media\/430"}],"wp:attachment":[{"href":"https:\/\/www.mascotascostabrava.es\/es\/wp-json\/wp\/v2\/media?parent=431"}],"curies":[{"name":"wp","href":"https:\/\/api.w.org\/{rel}","templated":true}]}}