{"id":478,"date":"2025-10-14T23:37:37","date_gmt":"2025-10-14T23:37:37","guid":{"rendered":"https:\/\/www.mascotascostabrava.es\/residencia-para-animales\/"},"modified":"2025-10-30T14:04:10","modified_gmt":"2025-10-30T14:04:10","slug":"residencia-para-animales","status":"publish","type":"page","link":"https:\/\/www.mascotascostabrava.es\/es\/residencia-para-animales\/","title":{"rendered":"Residencia para animales"},"content":{"rendered":"\t\t<div data-elementor-type=\"wp-page\" data-elementor-id=\"478\" class=\"elementor elementor-478 elementor-23\" data-elementor-post-type=\"page\">\n\t\t\t\t<div class=\"elementor-element elementor-element-d912d39 e-flex e-con-boxed e-con e-parent\" data-id=\"d912d39\" data-element_type=\"container\" data-e-type=\"container\">\n\t\t\t\t\t<div class=\"e-con-inner\">\n\t\t<div class=\"elementor-element elementor-element-3189f25 e-con-full e-flex e-con e-child\" data-id=\"3189f25\" data-element_type=\"container\" data-e-type=\"container\">\n\t\t\t\t<div class=\"elementor-element elementor-element-ebbfec5 elementor-widget elementor-widget-heading\" data-id=\"ebbfec5\" data-element_type=\"widget\" data-e-type=\"widget\" data-widget_type=\"heading.default\">\n\t\t\t\t\t<h1 class=\"elementor-heading-title elementor-size-default\">Residencia para animales<\/h1>\t\t\t\t<\/div>\n\t\t\t\t<div class=\"elementor-element elementor-element-269732c elementor-widget elementor-widget-heading\" data-id=\"269732c\" data-element_type=\"widget\" data-e-type=\"widget\" data-widget_type=\"heading.default\">\n\t\t\t\t\t<h2 class=\"elementor-heading-title elementor-size-default\">Instalaciones y servicios para mascotas<\/h2>\t\t\t\t<\/div>\n\t\t\t\t<div class=\"elementor-element elementor-element-9e7f253 elementor-widget elementor-widget-text-editor\" data-id=\"9e7f253\" data-element_type=\"widget\" data-e-type=\"widget\" data-widget_type=\"text-editor.default\">\n\t\t\t\t\t\t\t\t\t<p>Dentro de las <strong>instalaciones de Mascotas Costa Brava<\/strong> hay una residencia canina y felina para alojar animales de diferentes razas y edades.<\/p>\n<p>La residencia est\u00e1 dise\u00f1ada en <strong>2 edificios independientes,<\/strong> con un total de <strong>34 habitaciones individuales.<\/strong> Cada habitaci\u00f3n dispone de una zona interna adaptada para que los animales puedan descansar tranquilamente aislados del exterior, con suministro continuo de agua de \u00f3smosis y de una zona externa con parte de esta cubierta del sol.<\/p>\n<p>Aparte, todos los animales se sacan a diario a los <strong>parques exteriores con piscina <\/strong>para que puedan estar en contacto con otros animales y para poder refrescarse en la piscina.<\/p>\n\t\t\t\t\t\t\t\t<\/div>\n\t\t\t\t<\/div>\n\t\t<div class=\"elementor-element elementor-element-85bffe0 e-con-full e-flex e-con e-child\" data-id=\"85bffe0\" data-element_type=\"container\" data-e-type=\"container\">\n\t\t\t\t<div class=\"elementor-element elementor-element-1ab44e0 elementor-widget elementor-widget-image\" data-id=\"1ab44e0\" data-element_type=\"widget\" data-e-type=\"widget\" data-widget_type=\"image.default\">\n\t\t\t\t\t\t\t\t\t\t\t\t\t\t\t<img fetchpriority=\"high\" decoding=\"async\" width=\"1280\" height=\"854\" src=\"https:\/\/www.mascotascostabrava.es\/wp-content\/uploads\/2025\/10\/dsc-0020-2262293.jpg.avif\" class=\"attachment-full size-full wp-image-470\" alt=\"\" srcset=\"https:\/\/www.mascotascostabrava.es\/wp-content\/uploads\/2025\/10\/dsc-0020-2262293.jpg.avif 1280w, https:\/\/www.mascotascostabrava.es\/wp-content\/uploads\/2025\/10\/dsc-0020-2262293.jpg-300x200.avif 300w, https:\/\/www.mascotascostabrava.es\/wp-content\/uploads\/2025\/10\/dsc-0020-2262293.jpg-1024x683.avif 1024w, https:\/\/www.mascotascostabrava.es\/wp-content\/uploads\/2025\/10\/dsc-0020-2262293.jpg-768x512.avif 768w\" sizes=\"(max-width: 1280px) 100vw, 1280px\" \/>\t\t\t\t\t\t\t\t\t\t\t\t\t\t\t<\/div>\n\t\t\t\t<\/div>\n\t\t\t\t\t<\/div>\n\t\t\t\t<\/div>\n\t\t<div class=\"elementor-element elementor-element-b216f6b e-flex e-con-boxed e-con e-parent\" data-id=\"b216f6b\" data-element_type=\"container\" data-e-type=\"container\">\n\t\t\t\t\t<div class=\"e-con-inner\">\n\t\t<div class=\"elementor-element elementor-element-ce7c769 e-con-full e-flex e-con e-child\" data-id=\"ce7c769\" data-element_type=\"container\" data-e-type=\"container\">\n\t\t\t\t<div class=\"elementor-element elementor-element-e0f7848 elementor-widget elementor-widget-image\" data-id=\"e0f7848\" data-element_type=\"widget\" data-e-type=\"widget\" data-widget_type=\"image.default\">\n\t\t\t\t\t\t\t\t\t\t\t\t\t\t\t<img decoding=\"async\" width=\"1280\" height=\"854\" src=\"https:\/\/www.mascotascostabrava.es\/wp-content\/uploads\/2025\/10\/dsc-0209-2262299.jpg.avif\" class=\"attachment-full size-full wp-image-473\" alt=\"\" srcset=\"https:\/\/www.mascotascostabrava.es\/wp-content\/uploads\/2025\/10\/dsc-0209-2262299.jpg.avif 1280w, https:\/\/www.mascotascostabrava.es\/wp-content\/uploads\/2025\/10\/dsc-0209-2262299.jpg-300x200.avif 300w, https:\/\/www.mascotascostabrava.es\/wp-content\/uploads\/2025\/10\/dsc-0209-2262299.jpg-1024x683.avif 1024w, https:\/\/www.mascotascostabrava.es\/wp-content\/uploads\/2025\/10\/dsc-0209-2262299.jpg-768x512.avif 768w\" sizes=\"(max-width: 1280px) 100vw, 1280px\" \/>\t\t\t\t\t\t\t\t\t\t\t\t\t\t\t<\/div>\n\t\t\t\t<\/div>\n\t\t<div class=\"elementor-element elementor-element-64346b7 e-con-full e-flex e-con e-child\" data-id=\"64346b7\" data-element_type=\"container\" data-e-type=\"container\">\n\t\t\t\t<div class=\"elementor-element elementor-element-163e04b elementor-widget elementor-widget-text-editor\" data-id=\"163e04b\" data-element_type=\"widget\" data-e-type=\"widget\" data-widget_type=\"text-editor.default\">\n\t\t\t\t\t\t\t\t\t<p>Cada animal es tratado con el mayor cari\u00f1o y cuidado por parte de los encargados de la residencia, teniendo la posibilidad de poder hacer modificaciones de conductas y socializaciones en animales que lo necesitan.<\/p>\n<p>El hecho de disponer en nuestras instalaciones de <strong>cl\u00ednica veterinaria,<\/strong> nos permite que en caso de que alg\u00fan animal deba tomar alg\u00fan medicaci\u00f3n espec\u00edfico o deba ser intervenido con urgencia, pueda realizarse en las mismas instalaciones sin necesidad de desplazamientos y p\u00e9rdidas de tiempo.<\/p>\n<p>Para nuestros <strong>residentes felinos,<\/strong> disponemos de habitaciones especiales internas separadas de las caninas para mayor tranquilidad, disponiendo tambi\u00e9n de una zona interna y externa.<\/p>\n\t\t\t\t\t\t\t\t<\/div>\n\t\t\t\t<\/div>\n\t\t\t\t\t<\/div>\n\t\t\t\t<\/div>\n\t\t<div class=\"elementor-element elementor-element-c24246a e-flex e-con-boxed e-con e-parent\" data-id=\"c24246a\" data-element_type=\"container\" data-e-type=\"container\">\n\t\t\t\t\t<div class=\"e-con-inner\">\n\t\t\t\t<div class=\"elementor-element elementor-element-d1d08fd elementor-widget elementor-widget-heading\" data-id=\"d1d08fd\" data-element_type=\"widget\" data-e-type=\"widget\" data-widget_type=\"heading.default\">\n\t\t\t\t\t<h2 class=\"elementor-heading-title elementor-size-default\">Nuestras instalaciones<\/h2>\t\t\t\t<\/div>\n\t\t\t\t<div class=\"elementor-element elementor-element-22115ca elementor-skin-carousel elementor-pagination-type-bullets elementor-pagination-position-outside elementor-widget elementor-widget-media-carousel\" data-id=\"22115ca\" data-element_type=\"widget\" data-e-type=\"widget\" data-settings=\"{&quot;slides_per_view&quot;:&quot;2&quot;,&quot;slides_to_scroll&quot;:&quot;1&quot;,&quot;lazyload&quot;:&quot;yes&quot;,&quot;space_between&quot;:{&quot;unit&quot;:&quot;px&quot;,&quot;size&quot;:25,&quot;sizes&quot;:[]},&quot;skin&quot;:&quot;carousel&quot;,&quot;effect&quot;:&quot;slide&quot;,&quot;pagination&quot;:&quot;bullets&quot;,&quot;speed&quot;:500,&quot;autoplay&quot;:&quot;yes&quot;,&quot;autoplay_speed&quot;:5000,&quot;loop&quot;:&quot;yes&quot;,&quot;pause_on_hover&quot;:&quot;yes&quot;,&quot;pause_on_interaction&quot;:&quot;yes&quot;,&quot;space_between_tablet&quot;:{&quot;unit&quot;:&quot;px&quot;,&quot;size&quot;:10,&quot;sizes&quot;:[]},&quot;space_between_mobile&quot;:{&quot;unit&quot;:&quot;px&quot;,&quot;size&quot;:10,&quot;sizes&quot;:[]}}\" data-widget_type=\"media-carousel.default\">\n\t\t\t\t\t\t\t\t\t\t<div class=\"elementor-main-swiper swiper\" role=\"region\" aria-roledescription=\"carousel\" aria-label=\"Slides\">\n\t\t\t\t<div class=\"swiper-wrapper\">\n\t\t\t\t\t\t\t\t\t\t\t<div class=\"swiper-slide\" role=\"group\" aria-roledescription=\"slide\">\n\t\t\t\t\t\t\t\t\t<div class=\"elementor-carousel-image swiper-lazy\" role=\"img\" aria-label=\"\" data-background=\"https:\/\/www.mascotascostabrava.es\/wp-content\/uploads\/2025\/10\/instalaciones-mascotas-costa-brava-mini-2262300.png\">\n\n\t\t\t\t\t\t\t<div class=\"swiper-lazy-preloader\"><\/div>\n\t\t\t\n\t\t\t\t\t<\/div>\n\t\t\t\t\t\t\t\t<\/div>\n\t\t\t\t\t\t\t\t\t\t\t<div class=\"swiper-slide\" role=\"group\" aria-roledescription=\"slide\">\n\t\t\t\t\t\t\t\t\t<div class=\"elementor-carousel-image swiper-lazy\" role=\"img\" aria-label=\"\" data-background=\"https:\/\/www.mascotascostabrava.es\/wp-content\/uploads\/2025\/10\/dscf0037-2262301.jpg.avif\">\n\n\t\t\t\t\t\t\t<div class=\"swiper-lazy-preloader\"><\/div>\n\t\t\t\n\t\t\t\t\t<\/div>\n\t\t\t\t\t\t\t\t<\/div>\n\t\t\t\t\t\t\t\t\t\t\t<div class=\"swiper-slide\" role=\"group\" aria-roledescription=\"slide\">\n\t\t\t\t\t\t\t\t\t<div class=\"elementor-carousel-image swiper-lazy\" role=\"img\" aria-label=\"\" data-background=\"https:\/\/www.mascotascostabrava.es\/wp-content\/uploads\/2025\/10\/dsc-3720-2262302.jpg.avif\">\n\n\t\t\t\t\t\t\t<div class=\"swiper-lazy-preloader\"><\/div>\n\t\t\t\n\t\t\t\t\t<\/div>\n\t\t\t\t\t\t\t\t<\/div>\n\t\t\t\t\t\t\t\t\t\t\t<div class=\"swiper-slide\" role=\"group\" aria-roledescription=\"slide\">\n\t\t\t\t\t\t\t\t\t<div class=\"elementor-carousel-image swiper-lazy\" role=\"img\" aria-label=\"\" data-background=\"https:\/\/www.mascotascostabrava.es\/wp-content\/uploads\/2025\/10\/44-2262303.jpg.avif\">\n\n\t\t\t\t\t\t\t<div class=\"swiper-lazy-preloader\"><\/div>\n\t\t\t\n\t\t\t\t\t<\/div>\n\t\t\t\t\t\t\t\t<\/div>\n\t\t\t\t\t\t\t\t\t<\/div>\n\t\t\t\t\t\t\t\t\t\t\t\t\t\t\t\t\t\t\t\t<div class=\"swiper-pagination\"><\/div>\n\t\t\t\t\t\t\t\t\t\t\t\t<\/div>\n\t\t\t\t\t\t\t\t<\/div>\n\t\t\t\t\t<\/div>\n\t\t\t\t<\/div>\n\t\t\t\t<\/div>\n\t\t","protected":false},"excerpt":{"rendered":"<p>Residencia para animales Instalaciones y servicios para mascotas Dentro de las instalaciones de Mascotas Costa Brava hay una residencia canina y felina para alojar animales de diferentes razas y edades. La residencia est\u00e1 dise\u00f1ada en 2 edificios independientes, con un total de 34 habitaciones individuales. Cada habitaci\u00f3n dispone de una zona interna adaptada para que [&hellip;]<\/p>\n","protected":false},"author":1,"featured_media":470,"parent":0,"menu_order":0,"comment_status":"closed","ping_status":"closed","template":"","meta":{"_joinchat":[],"footnotes":""},"class_list":["post-478","page","type-page","status-publish","has-post-thumbnail","hentry"],"yoast_head":"<!-- This site is optimized with the Yoast SEO plugin v27.2 - https:\/\/yoast.com\/product\/yoast-seo-wordpress\/ -->\n<title>Residencia para animales en Gerona | Mascotas Costa Brava<\/title>\n<meta name=\"description\" content=\"Alojamiento seguro y confortable para perros y gatos en Girona. Cuidamos a tu mascota como si fuera nuestra.\" \/>\n<meta name=\"robots\" content=\"index, follow, max-snippet:-1, max-image-preview:large, max-video-preview:-1\" \/>\n<link rel=\"canonical\" href=\"https:\/\/www.mascotascostabrava.es\/es\/residencia-para-animales\/\" \/>\n<meta property=\"og:locale\" content=\"es_ES\" \/>\n<meta property=\"og:type\" content=\"article\" \/>\n<meta property=\"og:title\" content=\"Residencia para animales en Gerona | Mascotas Costa Brava\" \/>\n<meta property=\"og:description\" content=\"Alojamiento seguro y confortable para perros y gatos en Girona. Cuidamos a tu mascota como si fuera nuestra.\" \/>\n<meta property=\"og:url\" content=\"https:\/\/www.mascotascostabrava.es\/es\/residencia-para-animales\/\" \/>\n<meta property=\"og:site_name\" content=\"Mascotes Costa Brava\" \/>\n<meta property=\"article:publisher\" content=\"https:\/\/www.facebook.com\/mascotescostabrava\" \/>\n<meta property=\"article:modified_time\" content=\"2025-10-30T14:04:10+00:00\" \/>\n<meta name=\"twitter:card\" content=\"summary_large_image\" \/>\n<meta name=\"twitter:site\" content=\"@MascotesCBrava\" \/>\n<meta name=\"twitter:label1\" content=\"Tiempo de lectura\" \/>\n\t<meta name=\"twitter:data1\" content=\"1 minuto\" \/>\n<script type=\"application\/ld+json\" class=\"yoast-schema-graph\">{\"@context\":\"https:\/\/schema.org\",\"@graph\":[{\"@type\":\"WebPage\",\"@id\":\"https:\/\/www.mascotascostabrava.es\/es\/residencia-para-animales\/\",\"url\":\"https:\/\/www.mascotascostabrava.es\/es\/residencia-para-animales\/\",\"name\":\"Residencia para animales en Gerona | Mascotas Costa Brava\",\"isPartOf\":{\"@id\":\"https:\/\/www.mascotascostabrava.es\/es\/#website\"},\"primaryImageOfPage\":{\"@id\":\"https:\/\/www.mascotascostabrava.es\/es\/residencia-para-animales\/#primaryimage\"},\"image\":{\"@id\":\"https:\/\/www.mascotascostabrava.es\/es\/residencia-para-animales\/#primaryimage\"},\"thumbnailUrl\":\"https:\/\/www.mascotascostabrava.es\/wp-content\/uploads\/2025\/10\/dsc-0020-2262293.jpg.avif\",\"datePublished\":\"2025-10-14T23:37:37+00:00\",\"dateModified\":\"2025-10-30T14:04:10+00:00\",\"description\":\"Alojamiento seguro y confortable para perros y gatos en Girona. Cuidamos a tu mascota como si fuera nuestra.\",\"breadcrumb\":{\"@id\":\"https:\/\/www.mascotascostabrava.es\/es\/residencia-para-animales\/#breadcrumb\"},\"inLanguage\":\"es\",\"potentialAction\":[{\"@type\":\"ReadAction\",\"target\":[\"https:\/\/www.mascotascostabrava.es\/es\/residencia-para-animales\/\"]}]},{\"@type\":\"ImageObject\",\"inLanguage\":\"es\",\"@id\":\"https:\/\/www.mascotascostabrava.es\/es\/residencia-para-animales\/#primaryimage\",\"url\":\"https:\/\/www.mascotascostabrava.es\/wp-content\/uploads\/2025\/10\/dsc-0020-2262293.jpg.avif\",\"contentUrl\":\"https:\/\/www.mascotascostabrava.es\/wp-content\/uploads\/2025\/10\/dsc-0020-2262293.jpg.avif\",\"width\":1280,\"height\":854},{\"@type\":\"BreadcrumbList\",\"@id\":\"https:\/\/www.mascotascostabrava.es\/es\/residencia-para-animales\/#breadcrumb\",\"itemListElement\":[{\"@type\":\"ListItem\",\"position\":1,\"name\":\"Portada\",\"item\":\"https:\/\/www.mascotascostabrava.es\/es\/\"},{\"@type\":\"ListItem\",\"position\":2,\"name\":\"Residencia para animales\"}]},{\"@type\":\"WebSite\",\"@id\":\"https:\/\/www.mascotascostabrava.es\/es\/#website\",\"url\":\"https:\/\/www.mascotascostabrava.es\/es\/\",\"name\":\"Mascotes Costa Brava\",\"description\":\"Tot per a la teva mascota a Girona\",\"publisher\":{\"@id\":\"https:\/\/www.mascotascostabrava.es\/es\/#organization\"},\"potentialAction\":[{\"@type\":\"SearchAction\",\"target\":{\"@type\":\"EntryPoint\",\"urlTemplate\":\"https:\/\/www.mascotascostabrava.es\/es\/?s={search_term_string}\"},\"query-input\":{\"@type\":\"PropertyValueSpecification\",\"valueRequired\":true,\"valueName\":\"search_term_string\"}}],\"inLanguage\":\"es\"},{\"@type\":\"Organization\",\"@id\":\"https:\/\/www.mascotascostabrava.es\/es\/#organization\",\"name\":\"Mascotes Costa Brava\",\"url\":\"https:\/\/www.mascotascostabrava.es\/es\/\",\"logo\":{\"@type\":\"ImageObject\",\"inLanguage\":\"es\",\"@id\":\"https:\/\/www.mascotascostabrava.es\/es\/#\/schema\/logo\/image\/\",\"url\":\"https:\/\/www.mascotascostabrava.es\/wp-content\/uploads\/2025\/10\/logo-color-1.avif\",\"contentUrl\":\"https:\/\/www.mascotascostabrava.es\/wp-content\/uploads\/2025\/10\/logo-color-1.avif\",\"width\":640,\"height\":149,\"caption\":\"Mascotes Costa Brava\"},\"image\":{\"@id\":\"https:\/\/www.mascotascostabrava.es\/es\/#\/schema\/logo\/image\/\"},\"sameAs\":[\"https:\/\/www.facebook.com\/mascotescostabrava\",\"https:\/\/x.com\/MascotesCBrava\",\"https:\/\/www.youtube.com\/user\/MascotesCostaBrava\",\"https:\/\/www.instagram.com\/mascotescostabrava\/\"]}]}<\/script>\n<!-- \/ Yoast SEO plugin. -->","yoast_head_json":{"title":"Residencia para animales en Gerona | Mascotas Costa Brava","description":"Alojamiento seguro y confortable para perros y gatos en Girona. Cuidamos a tu mascota como si fuera nuestra.","robots":{"index":"index","follow":"follow","max-snippet":"max-snippet:-1","max-image-preview":"max-image-preview:large","max-video-preview":"max-video-preview:-1"},"canonical":"https:\/\/www.mascotascostabrava.es\/es\/residencia-para-animales\/","og_locale":"es_ES","og_type":"article","og_title":"Residencia para animales en Gerona | Mascotas Costa Brava","og_description":"Alojamiento seguro y confortable para perros y gatos en Girona. Cuidamos a tu mascota como si fuera nuestra.","og_url":"https:\/\/www.mascotascostabrava.es\/es\/residencia-para-animales\/","og_site_name":"Mascotes Costa Brava","article_publisher":"https:\/\/www.facebook.com\/mascotescostabrava","article_modified_time":"2025-10-30T14:04:10+00:00","twitter_card":"summary_large_image","twitter_site":"@MascotesCBrava","twitter_misc":{"Tiempo de lectura":"1 minuto"},"schema":{"@context":"https:\/\/schema.org","@graph":[{"@type":"WebPage","@id":"https:\/\/www.mascotascostabrava.es\/es\/residencia-para-animales\/","url":"https:\/\/www.mascotascostabrava.es\/es\/residencia-para-animales\/","name":"Residencia para animales en Gerona | Mascotas Costa Brava","isPartOf":{"@id":"https:\/\/www.mascotascostabrava.es\/es\/#website"},"primaryImageOfPage":{"@id":"https:\/\/www.mascotascostabrava.es\/es\/residencia-para-animales\/#primaryimage"},"image":{"@id":"https:\/\/www.mascotascostabrava.es\/es\/residencia-para-animales\/#primaryimage"},"thumbnailUrl":"https:\/\/www.mascotascostabrava.es\/wp-content\/uploads\/2025\/10\/dsc-0020-2262293.jpg.avif","datePublished":"2025-10-14T23:37:37+00:00","dateModified":"2025-10-30T14:04:10+00:00","description":"Alojamiento seguro y confortable para perros y gatos en Girona. Cuidamos a tu mascota como si fuera nuestra.","breadcrumb":{"@id":"https:\/\/www.mascotascostabrava.es\/es\/residencia-para-animales\/#breadcrumb"},"inLanguage":"es","potentialAction":[{"@type":"ReadAction","target":["https:\/\/www.mascotascostabrava.es\/es\/residencia-para-animales\/"]}]},{"@type":"ImageObject","inLanguage":"es","@id":"https:\/\/www.mascotascostabrava.es\/es\/residencia-para-animales\/#primaryimage","url":"https:\/\/www.mascotascostabrava.es\/wp-content\/uploads\/2025\/10\/dsc-0020-2262293.jpg.avif","contentUrl":"https:\/\/www.mascotascostabrava.es\/wp-content\/uploads\/2025\/10\/dsc-0020-2262293.jpg.avif","width":1280,"height":854},{"@type":"BreadcrumbList","@id":"https:\/\/www.mascotascostabrava.es\/es\/residencia-para-animales\/#breadcrumb","itemListElement":[{"@type":"ListItem","position":1,"name":"Portada","item":"https:\/\/www.mascotascostabrava.es\/es\/"},{"@type":"ListItem","position":2,"name":"Residencia para animales"}]},{"@type":"WebSite","@id":"https:\/\/www.mascotascostabrava.es\/es\/#website","url":"https:\/\/www.mascotascostabrava.es\/es\/","name":"Mascotes Costa Brava","description":"Tot per a la teva mascota a Girona","publisher":{"@id":"https:\/\/www.mascotascostabrava.es\/es\/#organization"},"potentialAction":[{"@type":"SearchAction","target":{"@type":"EntryPoint","urlTemplate":"https:\/\/www.mascotascostabrava.es\/es\/?s={search_term_string}"},"query-input":{"@type":"PropertyValueSpecification","valueRequired":true,"valueName":"search_term_string"}}],"inLanguage":"es"},{"@type":"Organization","@id":"https:\/\/www.mascotascostabrava.es\/es\/#organization","name":"Mascotes Costa Brava","url":"https:\/\/www.mascotascostabrava.es\/es\/","logo":{"@type":"ImageObject","inLanguage":"es","@id":"https:\/\/www.mascotascostabrava.es\/es\/#\/schema\/logo\/image\/","url":"https:\/\/www.mascotascostabrava.es\/wp-content\/uploads\/2025\/10\/logo-color-1.avif","contentUrl":"https:\/\/www.mascotascostabrava.es\/wp-content\/uploads\/2025\/10\/logo-color-1.avif","width":640,"height":149,"caption":"Mascotes Costa Brava"},"image":{"@id":"https:\/\/www.mascotascostabrava.es\/es\/#\/schema\/logo\/image\/"},"sameAs":["https:\/\/www.facebook.com\/mascotescostabrava","https:\/\/x.com\/MascotesCBrava","https:\/\/www.youtube.com\/user\/MascotesCostaBrava","https:\/\/www.instagram.com\/mascotescostabrava\/"]}]}},"_links":{"self":[{"href":"https:\/\/www.mascotascostabrava.es\/es\/wp-json\/wp\/v2\/pages\/478","targetHints":{"allow":["GET"]}}],"collection":[{"href":"https:\/\/www.mascotascostabrava.es\/es\/wp-json\/wp\/v2\/pages"}],"about":[{"href":"https:\/\/www.mascotascostabrava.es\/es\/wp-json\/wp\/v2\/types\/page"}],"author":[{"embeddable":true,"href":"https:\/\/www.mascotascostabrava.es\/es\/wp-json\/wp\/v2\/users\/1"}],"replies":[{"embeddable":true,"href":"https:\/\/www.mascotascostabrava.es\/es\/wp-json\/wp\/v2\/comments?post=478"}],"version-history":[{"count":1,"href":"https:\/\/www.mascotascostabrava.es\/es\/wp-json\/wp\/v2\/pages\/478\/revisions"}],"predecessor-version":[{"id":479,"href":"https:\/\/www.mascotascostabrava.es\/es\/wp-json\/wp\/v2\/pages\/478\/revisions\/479"}],"wp:featuredmedia":[{"embeddable":true,"href":"https:\/\/www.mascotascostabrava.es\/es\/wp-json\/wp\/v2\/media\/470"}],"wp:attachment":[{"href":"https:\/\/www.mascotascostabrava.es\/es\/wp-json\/wp\/v2\/media?parent=478"}],"curies":[{"name":"wp","href":"https:\/\/api.w.org\/{rel}","templated":true}]}}